{"id":754,"date":"2021-04-25T10:47:19","date_gmt":"2021-04-25T08:47:19","guid":{"rendered":"https:\/\/rings-production.be\/?page_id=754"},"modified":"2021-04-25T10:57:30","modified_gmt":"2021-04-25T08:57:30","slug":"realisation-video","status":"publish","type":"page","link":"https:\/\/rings-production.be\/index.php\/realisation-video\/","title":{"rendered":"Cam\u00e9raman &#8211; captation &#8211; tournages news et sportifs"},"content":{"rendered":"\n<p>Bonjour,  je vous propose mes services au poste de cam\u00e9raman pour toutes vos captations sportives, culturelles et vos tournages d&#8217;information sportive ou g\u00e9n\u00e9raliste \u00e0 destination de vos r\u00e9dactions. Je vous propose \u00e9galement certains outils de travelling et machinerie pour agr\u00e9menter mes services de cadreur. Ainsi je peut mettre \u00e0 votre disposition <a href=\"https:\/\/rings-production.be\/index.php\/travelling\/\" data-type=\"page\" data-id=\"360\">un rail de travelling<\/a> (courbe et droit) ainsi que <a href=\"https:\/\/rings-production.be\/index.php\/grues-pour-cameras\/\" data-type=\"page\" data-id=\"353\">2 types de grues diff\u00e9rentes<\/a> (1m50 et 7 m) ainsi qu&#8217; un stabilisateur Ronin et un mini drone. Tant d&#8217;outils id\u00e9aux pour sublimer toutes vos captations de spectacles et autres tournages informatifs.<\/p>\n\n\n\n<figure class=\"wp-block-image size-large is-resized\"><img decoding=\"async\" loading=\"lazy\" src=\"https:\/\/rings-production.be\/wp-content\/uploads\/2021\/04\/RTL2-1024x768.jpg\" alt=\"\" class=\"wp-image-755\" width=\"244\" height=\"182\" srcset=\"https:\/\/rings-production.be\/wp-content\/uploads\/2021\/04\/RTL2-1024x768.jpg 1024w, https:\/\/rings-production.be\/wp-content\/uploads\/2021\/04\/RTL2-300x225.jpg 300w, https:\/\/rings-production.be\/wp-content\/uploads\/2021\/04\/RTL2-768x576.jpg 768w, https:\/\/rings-production.be\/wp-content\/uploads\/2021\/04\/RTL2.jpg 1280w\" sizes=\"(max-width: 244px) 100vw, 244px\" \/><\/figure>\n\n\n\n<figure class=\"wp-block-image size-large\"><img decoding=\"async\" loading=\"lazy\" width=\"1024\" height=\"768\" src=\"https:\/\/rings-production.be\/wp-content\/uploads\/2021\/04\/RTL1-1024x768.jpg\" alt=\"\" class=\"wp-image-756\" srcset=\"https:\/\/rings-production.be\/wp-content\/uploads\/2021\/04\/RTL1-1024x768.jpg 1024w, https:\/\/rings-production.be\/wp-content\/uploads\/2021\/04\/RTL1-300x225.jpg 300w, https:\/\/rings-production.be\/wp-content\/uploads\/2021\/04\/RTL1-768x576.jpg 768w, https:\/\/rings-production.be\/wp-content\/uploads\/2021\/04\/RTL1.jpg 1280w\" sizes=\"(max-width: 706px) 89vw, (max-width: 767px) 82vw, 740px\" \/><\/figure>\n","protected":false},"excerpt":{"rendered":"<p>Bonjour, je vous propose mes services au poste de cam\u00e9raman pour toutes vos captations sportives, culturelles et vos tournages d&#8217;information sportive ou g\u00e9n\u00e9raliste \u00e0 destination de vos r\u00e9dactions. Je vous propose \u00e9galement certains outils de travelling et machinerie pour agr\u00e9menter mes services de cadreur. Ainsi je peut mettre \u00e0 votre disposition un rail de travelling &hellip; <\/p>\n<p class=\"link-more\"><a href=\"https:\/\/rings-production.be\/index.php\/realisation-video\/\" class=\"more-link\">Continuer la lecture<span class=\"screen-reader-text\"> de &laquo;&nbsp;Cam\u00e9raman &#8211; captation &#8211; tournages news et sportifs&nbsp;&raquo;<\/span><\/a><\/p>\n","protected":false},"author":1,"featured_media":0,"parent":0,"menu_order":0,"comment_status":"closed","ping_status":"closed","template":"","meta":{"footnotes":""},"_links":{"self":[{"href":"https:\/\/rings-production.be\/index.php\/wp-json\/wp\/v2\/pages\/754"}],"collection":[{"href":"https:\/\/rings-production.be\/index.php\/wp-json\/wp\/v2\/pages"}],"about":[{"href":"https:\/\/rings-production.be\/index.php\/wp-json\/wp\/v2\/types\/page"}],"author":[{"embeddable":true,"href":"https:\/\/rings-production.be\/index.php\/wp-json\/wp\/v2\/users\/1"}],"replies":[{"embeddable":true,"href":"https:\/\/rings-production.be\/index.php\/wp-json\/wp\/v2\/comments?post=754"}],"version-history":[{"count":1,"href":"https:\/\/rings-production.be\/index.php\/wp-json\/wp\/v2\/pages\/754\/revisions"}],"predecessor-version":[{"id":758,"href":"https:\/\/rings-production.be\/index.php\/wp-json\/wp\/v2\/pages\/754\/revisions\/758"}],"wp:attachment":[{"href":"https:\/\/rings-production.be\/index.php\/wp-json\/wp\/v2\/media?parent=754"}],"curies":[{"name":"wp","href":"https:\/\/api.w.org\/{rel}","templated":true}]}}