{"id":616,"date":"2020-08-15T18:12:20","date_gmt":"2020-08-15T16:12:20","guid":{"rendered":"http:\/\/rings-production.be\/?page_id=616"},"modified":"2023-10-24T15:09:57","modified_gmt":"2023-10-24T13:09:57","slug":"contacts","status":"publish","type":"page","link":"https:\/\/rings-production.be\/index.php\/contacts\/","title":{"rendered":"Contacts"},"content":{"rendered":"\n<p><strong>Adresse :<\/strong><\/p>\n\n\n\n<p>Rings Production<\/p>\n\n\n\n<p>Corentin Platteau<\/p>\n\n\n\n<p>13, rue de la Bruy\u00e8re<\/p>\n\n\n\n<p>6880 Bertrix<\/p>\n\n\n\n<p>Belgique<\/p>\n\n\n\n<p>TVA BE 0884.424.719<\/p>\n\n\n\n<p><\/p>\n\n\n\n<p><strong>Mails et t\u00e9l\u00e9phone :<\/strong><\/p>\n\n\n\n<p>corentin_platteau@hotmail.com<\/p>\n\n\n\n<p>+32 (0)495\/82.35.53<\/p>\n\n\n\n<p><\/p>\n\n\n<style id=\"wpforms-css-vars-root\">\n\t\t\t\t:root {\n\t\t\t\t\t--wpforms-field-border-radius: 3px;\n--wpforms-field-background-color: #ffffff;\n--wpforms-field-border-color: rgba( 0, 0, 0, 0.25 );\n--wpforms-field-text-color: rgba( 0, 0, 0, 0.7 );\n--wpforms-label-color: rgba( 0, 0, 0, 0.85 );\n--wpforms-label-sublabel-color: rgba( 0, 0, 0, 0.55 );\n--wpforms-label-error-color: #d63637;\n--wpforms-button-border-radius: 3px;\n--wpforms-button-background-color: #066aab;\n--wpforms-button-text-color: #ffffff;\n--wpforms-field-size-input-height: 43px;\n--wpforms-field-size-input-spacing: 15px;\n--wpforms-field-size-font-size: 16px;\n--wpforms-field-size-line-height: 19px;\n--wpforms-field-size-padding-h: 14px;\n--wpforms-field-size-checkbox-size: 16px;\n--wpforms-field-size-sublabel-spacing: 5px;\n--wpforms-field-size-icon-size: 1;\n--wpforms-label-size-font-size: 16px;\n--wpforms-label-size-line-height: 19px;\n--wpforms-label-size-sublabel-font-size: 14px;\n--wpforms-label-size-sublabel-line-height: 17px;\n--wpforms-button-size-font-size: 17px;\n--wpforms-button-size-height: 41px;\n--wpforms-button-size-padding-h: 15px;\n--wpforms-button-size-margin-top: 10px;\n\n\t\t\t\t}\n\t\t\t<\/style><div class=\"wpforms-container wpforms-container-full wpforms-block wpforms-block-6763dfa3-976d-4d08-8a4e-9bdb28ed21ce wpforms-render-modern\" id=\"wpforms-881\"><form id=\"wpforms-form-881\" class=\"wpforms-validate wpforms-form wpforms-ajax-form\" data-formid=\"881\" method=\"post\" enctype=\"multipart\/form-data\" action=\"\/index.php\/wp-json\/wp\/v2\/pages\/616\" data-token=\"b162c635d9912c8adbde2dca85b57c46\"><noscript class=\"wpforms-error-noscript\">Veuillez activer JavaScript dans votre navigateur pour remplir ce formulaire.<\/noscript><div class=\"wpforms-hidden\" id=\"wpforms-error-noscript\">Veuillez activer JavaScript dans votre navigateur pour remplir ce formulaire.<\/div><div class=\"wpforms-field-container\"><div id=\"wpforms-881-field_0-container\" class=\"wpforms-field wpforms-field-name\" data-field-id=\"0\"><fieldset><legend class=\"wpforms-field-label\">Nom <span class=\"wpforms-required-label\" aria-hidden=\"true\">*<\/span><\/legend><div class=\"wpforms-field-row wpforms-field-medium\"><div class=\"wpforms-field-row-block wpforms-first wpforms-one-half\"><input type=\"text\" id=\"wpforms-881-field_0\" class=\"wpforms-field-name-first wpforms-field-required\" name=\"wpforms[fields][0][first]\" aria-errormessage=\"wpforms-881-field_0-error\" required><label for=\"wpforms-881-field_0\" class=\"wpforms-field-sublabel after \">Pr\u00e9nom<\/label><\/div><div class=\"wpforms-field-row-block wpforms-one-half\"><input type=\"text\" id=\"wpforms-881-field_0-last\" class=\"wpforms-field-name-last wpforms-field-required\" name=\"wpforms[fields][0][last]\" aria-errormessage=\"wpforms-881-field_0-last-error\" required><label for=\"wpforms-881-field_0-last\" class=\"wpforms-field-sublabel after \">Nom<\/label><\/div><\/div><\/fieldset><\/div><div id=\"wpforms-881-field_1-container\" class=\"wpforms-field wpforms-field-email\" data-field-id=\"1\"><label class=\"wpforms-field-label\" for=\"wpforms-881-field_1\">E-mail <span class=\"wpforms-required-label\" aria-hidden=\"true\">*<\/span><\/label><input type=\"email\" id=\"wpforms-881-field_1\" class=\"wpforms-field-medium wpforms-field-required\" name=\"wpforms[fields][1]\" spellcheck=\"false\" aria-errormessage=\"wpforms-881-field_1-error\" required><\/div><div id=\"wpforms-881-field_4-container\" class=\"wpforms-field wpforms-field-checkbox\" data-field-id=\"4\"><fieldset><legend class=\"wpforms-field-label\">D\u00e9partement sollicit\u00e9 :<\/legend><ul id=\"wpforms-881-field_4\"><li class=\"choice-1 depth-1\"><input type=\"checkbox\" id=\"wpforms-881-field_4_1\" name=\"wpforms[fields][4][]\" value=\"Sonorisation DJ\" aria-errormessage=\"wpforms-881-field_4_1-error\"  ><label class=\"wpforms-field-label-inline\" for=\"wpforms-881-field_4_1\">Sonorisation DJ<\/label><\/li><li class=\"choice-2 depth-1\"><input type=\"checkbox\" id=\"wpforms-881-field_4_2\" name=\"wpforms[fields][4][]\" value=\"Magie\" aria-errormessage=\"wpforms-881-field_4_2-error\"  ><label class=\"wpforms-field-label-inline\" for=\"wpforms-881-field_4_2\">Magie<\/label><\/li><li class=\"choice-3 depth-1\"><input type=\"checkbox\" id=\"wpforms-881-field_4_3\" name=\"wpforms[fields][4][]\" value=\"Production Vid\u00e9o - Grues\" aria-errormessage=\"wpforms-881-field_4_3-error\"  ><label class=\"wpforms-field-label-inline\" for=\"wpforms-881-field_4_3\">Production Vid\u00e9o &#8211; Grues<\/label><\/li><\/ul><\/fieldset><\/div><div id=\"wpforms-881-field_2-container\" class=\"wpforms-field wpforms-field-textarea\" data-field-id=\"2\"><label class=\"wpforms-field-label\" for=\"wpforms-881-field_2\">Commentaire ou message<\/label><textarea id=\"wpforms-881-field_2\" class=\"wpforms-field-medium\" name=\"wpforms[fields][2]\" aria-errormessage=\"wpforms-881-field_2-error\" ><\/textarea><\/div><\/div><!-- .wpforms-field-container --><div class=\"wpforms-recaptcha-container wpforms-is-hcaptcha\" ><div class=\"g-recaptcha\" data-sitekey=\"455b7059-73ea-4262-ab06-aabb0bac6a0e\"><\/div><input type=\"text\" name=\"g-recaptcha-hidden\" class=\"wpforms-recaptcha-hidden\" style=\"position:absolute!important;clip:rect(0,0,0,0)!important;height:1px!important;width:1px!important;border:0!important;overflow:hidden!important;padding:0!important;margin:0!important;\" data-rule-hcaptcha=\"1\"><\/div><div class=\"wpforms-submit-container\" ><input type=\"hidden\" name=\"wpforms[id]\" value=\"881\"><input type=\"hidden\" name=\"wpforms[author]\" value=\"1\"><button type=\"submit\" name=\"wpforms[submit]\" id=\"wpforms-submit-881\" class=\"wpforms-submit\" data-alt-text=\"Envoi...\" data-submit-text=\"Envoyer\" aria-live=\"assertive\" value=\"wpforms-submit\">Envoyer<\/button><img decoding=\"async\" loading=\"lazy\" src=\"https:\/\/rings-production.be\/wp-content\/plugins\/wpforms-lite\/assets\/images\/submit-spin.svg\" class=\"wpforms-submit-spinner\" style=\"display: none;\" width=\"26\" height=\"26\" alt=\"Chargement en cours\"><\/div><\/form><\/div>  <!-- .wpforms-container -->","protected":false},"excerpt":{"rendered":"<p>Adresse : Rings Production Corentin Platteau 13, rue de la Bruy\u00e8re 6880 Bertrix Belgique TVA BE 0884.424.719 Mails et t\u00e9l\u00e9phone : corentin_platteau@hotmail.com +32 (0)495\/82.35.53<\/p>\n","protected":false},"author":1,"featured_media":0,"parent":0,"menu_order":0,"comment_status":"closed","ping_status":"closed","template":"","meta":{"footnotes":""},"_links":{"self":[{"href":"https:\/\/rings-production.be\/index.php\/wp-json\/wp\/v2\/pages\/616"}],"collection":[{"href":"https:\/\/rings-production.be\/index.php\/wp-json\/wp\/v2\/pages"}],"about":[{"href":"https:\/\/rings-production.be\/index.php\/wp-json\/wp\/v2\/types\/page"}],"author":[{"embeddable":true,"href":"https:\/\/rings-production.be\/index.php\/wp-json\/wp\/v2\/users\/1"}],"replies":[{"embeddable":true,"href":"https:\/\/rings-production.be\/index.php\/wp-json\/wp\/v2\/comments?post=616"}],"version-history":[{"count":6,"href":"https:\/\/rings-production.be\/index.php\/wp-json\/wp\/v2\/pages\/616\/revisions"}],"predecessor-version":[{"id":885,"href":"https:\/\/rings-production.be\/index.php\/wp-json\/wp\/v2\/pages\/616\/revisions\/885"}],"wp:attachment":[{"href":"https:\/\/rings-production.be\/index.php\/wp-json\/wp\/v2\/media?parent=616"}],"curies":[{"name":"wp","href":"https:\/\/api.w.org\/{rel}","templated":true}]}}